{"id":1159,"date":"2024-11-24T11:42:06","date_gmt":"2024-11-24T11:42:06","guid":{"rendered":"https:\/\/dzinovic.rs\/?page_id=1159"},"modified":"2024-12-01T19:44:24","modified_gmt":"2024-12-01T18:44:24","slug":"dzinovic-ruzica-strukovni-fizioterapeut","status":"publish","type":"page","link":"https:\/\/dzinovic.rs\/sr_cy\/dzinovic-ruzica-strukovni-fizioterapeut\/","title":{"rendered":"\u0421\u0442\u0440\u0443\u043a\u043e\u0432\u043d\u0438 \u0424\u0438\u0437\u0438\u043e\u0442\u0435\u0440\u0430\u043f\u0435\u0443\u0442 \u040f\u0438\u043d\u043e\u0432\u0438\u045b \u0420\u0443\u0436\u0438\u0446\u0430"},"content":{"rendered":"<p><br>\u0423\u043d\u0443\u0442\u0430\u0440 \u0441\u0432\u043e\u0458\u0435 \u043f\u0440\u043e\u0444\u0435\u0441\u0438\u0458\u0435, \u0430 \u0443 \u0441\u043a\u043b\u0430\u0434\u0443 \u0441\u0430 \u045a\u0435\u043d\u0438\u043c \u043a\u0430\u0440\u0430\u043a\u0442\u0435\u0440\u043e\u043c, \u0420\u0443\u0436\u0438\u0446\u0430 \u0432\u0430\u0436\u0438 \u0437\u0430 \u043e\u0442\u0435\u043b\u043e\u0442\u0432\u043e\u0440\u0435\u045a\u0435 \u0444\u0440\u0430\u0437\u0435 \u201c\u043b\u0435\u0447\u0435\u045a\u0435 \u043f\u043e\u043a\u0440\u0435\u0442\u043e\u043c\u201c, \u0438 \u0438\u0441\u0442\u0438\u0447\u0435 \u0441\u0435 \u043a\u0430\u043e \u043d\u0430\u0458\u0431\u043e\u0459\u0438\u0445 \u0441\u0442\u0440\u0443\u043a\u043e\u0432\u043d\u0438 \u0444\u0438\u0437\u0438\u043e\u0442\u0435\u0440\u0430\u043f\u0435\u0443\u0442 \u043e\u0431\u043b\u0430\u0441\u0442\u0438 \u043a\u0438\u043d\u0435\u0437\u0438\u0442\u0435\u0440\u0430\u043f\u0438\u0458\u0435 \u0443 \u0421\u0440\u0431\u0438\u0458\u0438. \u0420\u0443\u0436\u0438\u0446\u0430 \u0458\u0435 \u0434\u0438\u043f\u043b\u043e\u043c\u0438\u0440\u0430\u043b\u0430 1983. \u0433\u043e\u0434\u0438\u043d\u0435 \u0443 \u0411\u0435\u043e\u0433\u0440\u0430\u0434\u0443, \u0438 \u0434\u0430\u043d\u0430\u0441, \u0431\u0430\u0448 \u043a\u0430\u043e \u0438 \u045a\u0435\u043d \u0441\u0443\u043f\u0440\u0443\u0433 \u0412\u0438\u0434\u043e\u0458\u0435, \u0438\u043c\u0430 \u043f\u0440\u0435\u043a\u043e 40 \u0433\u043e\u0434\u0438\u043d\u0430 \u0438\u0441\u043a\u0443\u0441\u0442\u0432\u0430 \u0440\u0430\u0434\u0430 \u0443 \u0441\u0432\u0438\u043c \u043e\u0431\u043b\u0430\u0441\u0442\u0438\u043c\u0430 \u0444\u0438\u0437\u0438\u043a\u0430\u043b\u043d\u0435 \u043c\u0435\u0434\u0438\u0446\u0438\u043d\u0435.<\/p>\n\n\n\n<p>\u0421\u0430 \u043f\u0440\u0435\u043a\u043e 15 \u0433\u043e\u0434\u0438\u043d\u0430 \u043a\u043b\u0438\u043d\u0438\u0447\u043a\u0435 \u043f\u0440\u0430\u043a\u0441\u0435 \u043d\u0430 \u043a\u043b\u0438\u043d\u0438\u0446\u0438 \u0437\u0430 \u043c\u0435\u0434\u0438\u0446\u0438\u043d\u0441\u043a\u0443 \u0440\u0435\u0445\u0430\u0431\u0438\u043b\u0438\u0442\u0430\u0446\u0438\u0458\u0443 \u0443 \u041d\u043e\u0432\u043e\u043c \u0421\u0430\u0434\u0443, \u0420\u0443\u0436\u0438\u0446\u0430 \u0458\u0435 \u0431\u0438\u043b\u0430 \u0458\u0435\u0434\u0430\u043d \u043e\u0434 \u043f\u0440\u0432\u0438\u0445 \u0444\u0438\u0437\u043e\u0442\u0435\u0440\u0430\u043f\u0435\u0443\u0442\u0430 \u043a\u043e\u0458\u0430 \u0458\u0435 \u0440\u0430\u0434\u0438\u043b\u0430 \u043d\u0430 \u0440\u0430\u043d\u043e\u0458 \u0440\u0435\u0445\u0430\u0431\u0438\u043b\u0438\u0442\u0430\u0446\u0438\u0458\u0438 \u043f\u0430\u0446\u0438\u0458\u0435\u043d\u0430\u0442\u0430 \u0441\u0430 \u0445\u0435\u043c\u0438\u043f\u043b\u0435\u0433\u0438\u0458\u043e\u043c, \u0443 \u043f\u043e\u0441\u0442-\u043e\u043f\u0435\u0440\u0430\u0442\u0438\u0432\u043d\u043e\u0458 \u0444\u0430\u0437\u0438, \u043a\u0430\u043e \u0438 \u0438\u043d\u0442\u0435\u0440\u043d\u0438\u0441\u0442\u0438\u0447\u043a\u0438\u0445 \u043f\u0430\u0446\u0438\u0458\u0435\u043d\u0430\u0442\u0430. \u041a\u0440\u043e\u0437 \u0441\u0432\u043e\u0458\u0443 \u043a\u0430\u0440\u0438\u0458\u0435\u0440\u0443, \u0420\u0443\u0436\u0438\u0446\u0430 \u0458\u0435 \u043f\u043e\u0441\u0442\u0430\u043b\u0430 \u0438\u0441\u0442\u0430\u043a\u043d\u0443\u0442 \u0444\u0438\u0437\u0438\u043e\u0442\u0435\u0440\u0430\u043f\u0435\u0443\u0442 \u0437\u0430 \u0440\u0435\u0445\u0430\u0431\u0438\u043b\u0438\u0442\u0430\u0446\u0438\u0458\u0443 \u043d\u0435\u0443\u0440\u043e\u043b\u043e\u0448\u043a\u0438\u0445 \u043f\u043e\u0440\u0435\u043c\u0435\u045b\u0430\u0458\u0430 \u0446\u0435\u043d\u0442\u0440\u0430\u043b\u043d\u043e\u0433 \u0438 \u043f\u0435\u0440\u0438\u0444\u0435\u0440\u043d\u043e\u0433 \u043d\u0435\u0440\u0432\u043d\u043e\u0433 \u0441\u0438\u0441\u0442\u0435\u043c\u0430.<\/p>","protected":false},"excerpt":{"rendered":"<p>Unutar svoje profesije, a u skladu sa njenim karakterom, Ru\u017eica va\u017ei za otelotvorenje fraze &#8220;le\u010denje pokretom&#8220;, i isti\u010de se kao najboljih strukovni fizioterapeut oblasti kineziterapije u Srbiji. Ru\u017eica je diplomirala 1983. godine u Beogradu, i danas, ba\u0161 kao i njen suprug Vidoje, ima preko 40 godina iskustva rada u svim oblastima fizikalne medicine. Sa preko [&hellip;]<\/p>\n","protected":false},"author":1,"featured_media":1699,"parent":0,"menu_order":0,"comment_status":"closed","ping_status":"closed","template":"","meta":{"_acf_changed":false,"_gspb_post_css":"#gspb_row-id-gsbp-90dd5fd{justify-content:space-between;margin-top:0;margin-bottom:0;display:flex;flex-wrap:wrap;padding:40px 80px}#gspb_row-id-gsbp-90dd5fd>.gspb_row__content{display:flex;justify-content:space-between;margin:0 auto;width:100%;flex-wrap:wrap}.gspb_row{position:relative}div[id^=gspb_col-id]{box-sizing:border-box;position:relative;padding:15px min(3vw,20px)}@media (max-width:991.98px){#gspb_row-id-gsbp-90dd5fd>.gspb_row__content{row-gap:30px}}body.gspb-bodyfront #gspb_row-id-gsbp-90dd5fd>.gspb_row__content{width:var(--theme-container-width, 1200px);max-width:var(--theme-normal-container-max-width, 1200px)}@media (max-width:991.98px){#gspb_row-id-gsbp-90dd5fd{margin-bottom:80px;padding-right:50px;padding-left:50px}}@media (max-width:575.98px){#gspb_row-id-gsbp-90dd5fd{margin-bottom:60px;padding-right:35px;padding-left:35px}}#gspb_row-id-gsbp-90dd5fd{background-image:url(https:\/\/dzinovic.rs\/wp-content\/uploads\/2024\/11\/patern.webp)}#gspb_row-id-gsbp-90dd5fd,#gspb_row-id-gsbp-90dd5fd>.gspb_backgroundOverlay{border-top-left-radius:40px;border-top-right-radius:40px;border-bottom-right-radius:40px;border-bottom-left-radius:40px}#gspb_col-id-gsbp-d560c25.gspb_row__col--4{width:calc(33.333333333333336% - 25px)}@media (max-width:991.98px){#gspb_col-id-gsbp-d560c25.gspb_row__col--4{width:calc(33.333333333333336% - 25px)}}@media (max-width:767.98px){#gspb_col-id-gsbp-d560c25.gspb_row__col--4{width:calc(33.333333333333336% - 25px)}}@media (max-width:575.98px){#gspb_col-id-gsbp-d560c25.gspb_row__col--4{width:100%}}.gspb_row #gspb_col-id-gsbp-d560c25.gspb_row__col--4{padding:50px 0}@media (max-width:991.98px){.gspb_row #gspb_col-id-gsbp-d560c25.gspb_row__col--4{padding-bottom:0}}body #gspb_col-id-gsbp-d560c25.gspb_row__col--4{display:flex;flex-direction:column;justify-content:center}@media (max-width:991.98px){body #gspb_col-id-gsbp-d560c25.gspb_row__col--4{align-items:center}}#gspb_col-id-gsbp-2affbd5.gspb_row__col--8{width:calc(66.66666666666667% - 25px)}@media (max-width:991.98px){#gspb_col-id-gsbp-2affbd5.gspb_row__col--8{width:calc(66.66666666666667% - 25px)}}@media (max-width:767.98px){#gspb_col-id-gsbp-2affbd5.gspb_row__col--8{width:calc(66.66666666666667% - 25px)}}@media (max-width:575.98px){#gspb_col-id-gsbp-2affbd5.gspb_row__col--8{width:100%}}.gspb_row #gspb_col-id-gsbp-2affbd5.gspb_row__col--8{padding:0}body #gspb_col-id-gsbp-2affbd5.gspb_row__col--8{display:flex;flex-direction:column;justify-content:flex-end}","footnotes":""},"class_list":["post-1159","page","type-page","status-publish","has-post-thumbnail","hentry"],"blocksy_meta":{"page_structure_type":"type-1","styles_descriptor":{"styles":{"desktop":"[data-prefix=\"single_page\"] .entry-header .page-title {--theme-font-size:30px;--theme-heading-color:var(--theme-palette-color-9);} [data-prefix=\"single_page\"] .entry-header .entry-meta {--theme-font-weight:600;--theme-text-transform:uppercase;--theme-font-size:12px;--theme-line-height:1.3;} [data-prefix=\"single_page\"] .entry-header .ct-breadcrumbs {--theme-link-initial-color:var(--theme-palette-color-2);} [data-prefix=\"single_page\"] .hero-section[data-type=\"type-1\"] {--alignment:left;}","tablet":"","mobile":""},"google_fonts":{"Onest":["n4","n6"]},"version":6},"has_hero_section":"enabled","hero_section":"type-1","hero_elements":[{"id":"breadcrumbs","enabled":true,"__id":"Ek229_eE49f-nb2ZODVgu"},{"id":"custom_title","enabled":true,"heading_tag":"h1","title":"Home","__id":"6oeanCwkAGj9B28Ae992B"},{"id":"custom_description","enabled":false,"description_visibility":{"desktop":true,"tablet":true,"mobile":false},"__id":"isC7ANtassi5E-uTfEWUz"},{"id":"custom_meta","enabled":false,"meta_elements":[{"id":"author","enabled":true,"label":"By","has_author_avatar":"yes","avatar_size":25},{"id":"post_date","enabled":true,"label":"On","date_format_source":"default","date_format":"M j, Y"},{"id":"updated_date","enabled":false,"label":"On","date_format_source":"default","date_format":"M j, Y"},{"id":"categories","enabled":false,"label":"In","style":"simple"},{"id":"comments","enabled":true}],"page_meta_elements":{"joined":true,"articles_count":true,"comments":true},"__id":"cdAz1qAyCl3pPc_XfxfDx"},{"id":"content-block","enabled":false,"__id":"ULEr-K-G92dZ767Q56Jby","hook_id":1067}],"hero_alignment1":"left","hero_height":"400px","page_title_bg_type":"featured_image","hero_structure":"narrow","pageTitleOverlay":{"background_type":"color","background_pattern":"type-1","background_image":{"attachment_id":null,"x":0,"y":0},"gradient":"linear-gradient(135deg,rgba(6,147,227,1) 0%,rgb(155,81,224) 100%)","background_repeat":"repeat","background_size":"auto","background_attachment":"scroll","patternColor":{"default":{"color":"#e5e7ea"}},"overlayColor":{"default":{"color":"CT_CSS_SKIP_RULE"}},"backgroundColor":{"default":{"color":"rgba(188, 190, 212, 0.71)"}}},"pageTitleFontColor":{"default":{"color":"var(--theme-palette-color-9)"}},"breadcrumbsFontColor":{"default":{"color":"CT_CSS_SKIP_RULEDEFAULT"},"initial":{"color":"var(--theme-palette-color-2)"},"hover":{"color":"CT_CSS_SKIP_RULEDEFAULT"}}},"acf":[],"_links":{"self":[{"href":"https:\/\/dzinovic.rs\/sr_cy\/wp-json\/wp\/v2\/pages\/1159","targetHints":{"allow":["GET"]}}],"collection":[{"href":"https:\/\/dzinovic.rs\/sr_cy\/wp-json\/wp\/v2\/pages"}],"about":[{"href":"https:\/\/dzinovic.rs\/sr_cy\/wp-json\/wp\/v2\/types\/page"}],"author":[{"embeddable":true,"href":"https:\/\/dzinovic.rs\/sr_cy\/wp-json\/wp\/v2\/users\/1"}],"replies":[{"embeddable":true,"href":"https:\/\/dzinovic.rs\/sr_cy\/wp-json\/wp\/v2\/comments?post=1159"}],"version-history":[{"count":0,"href":"https:\/\/dzinovic.rs\/sr_cy\/wp-json\/wp\/v2\/pages\/1159\/revisions"}],"wp:featuredmedia":[{"embeddable":true,"href":"https:\/\/dzinovic.rs\/sr_cy\/wp-json\/wp\/v2\/media\/1699"}],"wp:attachment":[{"href":"https:\/\/dzinovic.rs\/sr_cy\/wp-json\/wp\/v2\/media?parent=1159"}],"curies":[{"name":"wp","href":"https:\/\/api.w.org\/{rel}","templated":true}]}}